{"id":911,"date":"2020-12-12T19:33:30","date_gmt":"2020-12-12T19:33:30","guid":{"rendered":"http:\/\/rapsodamindstock.com\/?page_id=911"},"modified":"2021-10-18T17:08:55","modified_gmt":"2021-10-18T17:08:55","slug":"e-commerce","status":"publish","type":"page","link":"https:\/\/rapsodamindstock.com\/index.php\/e-commerce\/","title":{"rendered":"E-Commerce"},"content":{"rendered":"\n<p>Rapsoda cuenta con una iniciativa de apoyo para la recuperaci\u00f3n econ\u00f3mica por el COVID-19 a trav\u00e9s de la Transformaci\u00f3n Digital del Comercio Minorista.&nbsp;<\/p>\n\n\n\n<p>La integramos a partir de una preocupaci\u00f3n causada por los efectos derivados de la crisis por el coronavirus que afectan sustancialmente los ingresos de los micro-negocios.<\/p>\n\n\n\n<p>Fortalecemos micros y peque\u00f1as empresas para su incorporaci\u00f3n al Comercio Electr\u00f3nico, mediante Sitios Web y Tienda en L\u00ednea<strong>&nbsp;exclusiva&nbsp;<\/strong>para cada negocio.&nbsp;<\/p>\n\n\n\n<p>El servicio ofrecido integra: Hospedaje con Pasarela de Pago para cobro con Tarjetas Bancarias;&nbsp; Mantenimiento y Actualizaciones de Software; asesor\u00eda y soporte.<\/p>\n\n\n\n<p>Apoyamos con la promoci\u00f3n de los productos en la comunidad de origen, as\u00ed como con clientes potenciales entre comercios y personas particulares.<\/p>\n\n\n\n<p>No s\u00f3lo nos enfocamos a lograr impacto comercial, sino tambi\u00e9n a crear comunidad, a fortalecer la Cohesi\u00f3n y el Capital Social, a crear lazos de identidad entre los consumidores y vendedores.&nbsp;Queremos renovar el \u00e1nimo en los due\u00f1os y trabajadores de los micro-negocios, acompa\u00f1\u00e1ndolos en un esquema de negocio que les puede resultar ajeno.<\/p>\n\n\n\n<div class=\"wp-block-image\"><figure class=\"aligncenter size-large\"><img fetchpriority=\"high\" decoding=\"async\" width=\"820\" height=\"470\" src=\"https:\/\/rapsodamindstock.com\/wp-content\/uploads\/2020\/12\/Ofrecemos_820x470.png\" alt=\"\" class=\"wp-image-925\" srcset=\"https:\/\/rapsodamindstock.com\/wp-content\/uploads\/2020\/12\/Ofrecemos_820x470.png 820w, https:\/\/rapsodamindstock.com\/wp-content\/uploads\/2020\/12\/Ofrecemos_820x470-300x172.png 300w, https:\/\/rapsodamindstock.com\/wp-content\/uploads\/2020\/12\/Ofrecemos_820x470-768x440.png 768w\" sizes=\"(max-width: 820px) 100vw, 820px\" \/><\/figure><\/div>\n\n\n\n<p class=\"has-medium-font-size\">En nuestro sitio <a href=\"http:\/\/www.rapsoda.mx\">www.rapsoda.mx<\/a> y nuestras redes sociales, agregamos contenido \u00fatil para quienes comienzan en el comercio electr\u00f3nico.<\/p>\n\n\n\n<p class=\"has-medium-font-size\">Un comentario tuyo nos ayudar\u00e1 a brindarte un mejor servicio. Si deseas apoyarnos, podr\u00e1s hacerlo &#8220;aqu\u00ed&#8221; o bien en nuestros medios de contacto. \u00a1Gracias!<\/p>\n\n\n\n<ul class=\"wp-block-list\">\n<li>Correo electr\u00f3nico: contacto@rapsodamindstock.com<\/li>\n\n\n\n<li>Facebook: https:\/\/www.facebook.com\/rapsodamx<\/li>\n<\/ul>\n\n\n\n<p class=\"has-text-align-right\"><a href=\"https:\/\/rapsodamindstock.com\/\">Haz clic aqu\u00ed para regresar a la p\u00e1gina de inicio.<\/a><\/p>\n","protected":false},"excerpt":{"rendered":"<p>Rapsoda cuenta con una iniciativa de apoyo para la recuperaci\u00f3n econ\u00f3mica por el COVID-19 a<\/p>\n","protected":false},"author":1,"featured_media":925,"parent":0,"menu_order":0,"comment_status":"closed","ping_status":"closed","template":"","meta":{"_monsterinsights_skip_tracking":false,"_monsterinsights_sitenote_active":false,"_monsterinsights_sitenote_note":"","_monsterinsights_sitenote_category":0,"_joinchat":[],"footnotes":""},"class_list":["post-911","page","type-page","status-publish","has-post-thumbnail","hentry"],"aioseo_notices":[],"_links":{"self":[{"href":"https:\/\/rapsodamindstock.com\/index.php\/wp-json\/wp\/v2\/pages\/911","targetHints":{"allow":["GET"]}}],"collection":[{"href":"https:\/\/rapsodamindstock.com\/index.php\/wp-json\/wp\/v2\/pages"}],"about":[{"href":"https:\/\/rapsodamindstock.com\/index.php\/wp-json\/wp\/v2\/types\/page"}],"author":[{"embeddable":true,"href":"https:\/\/rapsodamindstock.com\/index.php\/wp-json\/wp\/v2\/users\/1"}],"replies":[{"embeddable":true,"href":"https:\/\/rapsodamindstock.com\/index.php\/wp-json\/wp\/v2\/comments?post=911"}],"version-history":[{"count":18,"href":"https:\/\/rapsodamindstock.com\/index.php\/wp-json\/wp\/v2\/pages\/911\/revisions"}],"predecessor-version":[{"id":1604,"href":"https:\/\/rapsodamindstock.com\/index.php\/wp-json\/wp\/v2\/pages\/911\/revisions\/1604"}],"wp:featuredmedia":[{"embeddable":true,"href":"https:\/\/rapsodamindstock.com\/index.php\/wp-json\/wp\/v2\/media\/925"}],"wp:attachment":[{"href":"https:\/\/rapsodamindstock.com\/index.php\/wp-json\/wp\/v2\/media?parent=911"}],"curies":[{"name":"wp","href":"https:\/\/api.w.org\/{rel}","templated":true}]}}