{"id":881,"date":"2020-12-11T23:50:52","date_gmt":"2020-12-11T23:50:52","guid":{"rendered":"http:\/\/rapsodamindstock.com\/?page_id=881"},"modified":"2021-10-30T23:09:09","modified_gmt":"2021-10-30T23:09:09","slug":"productos-y-servicios","status":"publish","type":"page","link":"https:\/\/rapsodamindstock.com\/index.php\/productos-y-servicios\/","title":{"rendered":"Servicios"},"content":{"rendered":"\n<p>Rapsoda cuenta con tres divisiones:<\/p>\n\n\n\n<p><strong>Desarrollo de Sistemas<\/strong>. Analizamos y modelamos los procesos de transformaci\u00f3n de nuestros clientes, para dise\u00f1ar opciones viables, integrales y altamente confiables para la simplificaci\u00f3n e incorporaci\u00f3n de procedimientos y flujos de trabajo en soluciones inform\u00e1ticas.&nbsp;<a rel=\"noreferrer noopener\" href=\"https:\/\/rapsodamindstock.com\/index.php\/2021\/10\/17\/desarrollo-de-sistemas-herramientas-y-tecnologia\/\" target=\"_blank\">Conoce m\u00e1s aqu\u00ed.<\/a><\/p>\n\n\n\n<p><strong>Integraci\u00f3n de Infraestructura Tecnol\u00f3gica<\/strong>: Brindamos soluciones de equipo tecnol\u00f3gico para las necesidades de cada cliente: Integramos medios t\u00e9cnicos avanzados de telecomunicaciones y seguridad en instalaciones; Sistemas de seguridad inform\u00e1tica; Proveemos equipos de c\u00f3mputo, impresi\u00f3n y digitalizaci\u00f3n; Almacenamiento en la nube; as\u00ed como servicios de mantenimiento preventivo y correctivo.<a rel=\"noreferrer noopener\" href=\"https:\/\/rapsodamindstock.com\/index.php\/2021\/10\/17\/infraestructura-tecnologica-para-la-informacion-comunicacion-y-seguridad\/\" target=\"_blank\">Conoce m\u00e1s aqu\u00ed.<\/a><\/p>\n\n\n\n<p><strong>Divisi\u00f3n E-Commerce.<\/strong>&nbsp;Rapsoda cuenta con una iniciativa de apoyo para la recuperaci\u00f3n econ\u00f3mica por el COVID-19 a trav\u00e9s de la Transformaci\u00f3n Digital del Comercio Minorista.&nbsp;<a href=\"https:\/\/rapsodamindstock.com\/index.php\/e-commerce\/\" target=\"_blank\" rel=\"noreferrer noopener\">Conoce m\u00e1s aqu\u00ed.<\/a><\/p>\n\n\n\n<p>Nos integramos a partir de una preocupaci\u00f3n causada por los efectos derivados de la crisis por el coronavirus que afectan sustancialmente los ingresos de los micro-negocios..<\/p>\n\n\n\n<p>Fortalecemos micros y peque\u00f1as empresas para su incorporaci\u00f3n al Comercio Electr\u00f3nico, mediante Sitios Web y Tienda en L\u00ednea<strong>&nbsp;exclusiva&nbsp;<\/strong>para cada negocio.&nbsp;<\/p>\n\n\n\n<p>El servicio ofrecido integra: Hospedaje con Pasarela de Pago para cobro con Tarjetas Bancarias;&nbsp; Mantenimiento y Actualizaciones de Software; asesor\u00eda y soporte.<\/p>\n\n\n\n<ul class=\"wp-block-list\">\n<li>Correo electr\u00f3nico: contacto@rapsodamindstock.com<\/li>\n\n\n\n<li>Facebook: https:\/\/www.facebook.com\/rapsodamx<\/li>\n<\/ul>\n\n\n\n<p class=\"has-text-align-right\"><a href=\"https:\/\/rapsodamindstock.com\/\">Haz clic aqu\u00ed para regresar a la p\u00e1gina de inicio.<\/a><\/p>\n","protected":false},"excerpt":{"rendered":"<p>Rapsoda cuenta con tres divisiones: Desarrollo de Sistemas. Analizamos y modelamos los procesos de transformaci\u00f3n<\/p>\n","protected":false},"author":1,"featured_media":925,"parent":0,"menu_order":0,"comment_status":"closed","ping_status":"closed","template":"","meta":{"_monsterinsights_skip_tracking":false,"_monsterinsights_sitenote_active":false,"_monsterinsights_sitenote_note":"","_monsterinsights_sitenote_category":0,"_joinchat":[],"footnotes":""},"class_list":["post-881","page","type-page","status-publish","has-post-thumbnail","hentry"],"aioseo_notices":[],"_links":{"self":[{"href":"https:\/\/rapsodamindstock.com\/index.php\/wp-json\/wp\/v2\/pages\/881","targetHints":{"allow":["GET"]}}],"collection":[{"href":"https:\/\/rapsodamindstock.com\/index.php\/wp-json\/wp\/v2\/pages"}],"about":[{"href":"https:\/\/rapsodamindstock.com\/index.php\/wp-json\/wp\/v2\/types\/page"}],"author":[{"embeddable":true,"href":"https:\/\/rapsodamindstock.com\/index.php\/wp-json\/wp\/v2\/users\/1"}],"replies":[{"embeddable":true,"href":"https:\/\/rapsodamindstock.com\/index.php\/wp-json\/wp\/v2\/comments?post=881"}],"version-history":[{"count":28,"href":"https:\/\/rapsodamindstock.com\/index.php\/wp-json\/wp\/v2\/pages\/881\/revisions"}],"predecessor-version":[{"id":2227,"href":"https:\/\/rapsodamindstock.com\/index.php\/wp-json\/wp\/v2\/pages\/881\/revisions\/2227"}],"wp:featuredmedia":[{"embeddable":true,"href":"https:\/\/rapsodamindstock.com\/index.php\/wp-json\/wp\/v2\/media\/925"}],"wp:attachment":[{"href":"https:\/\/rapsodamindstock.com\/index.php\/wp-json\/wp\/v2\/media?parent=881"}],"curies":[{"name":"wp","href":"https:\/\/api.w.org\/{rel}","templated":true}]}}