{"id":874,"date":"2020-12-11T17:59:11","date_gmt":"2020-12-11T17:59:11","guid":{"rendered":"http:\/\/rapsodamindstock.com\/?page_id=874"},"modified":"2021-01-10T18:41:17","modified_gmt":"2021-01-10T18:41:17","slug":"terminos-y-condiciones","status":"publish","type":"page","link":"https:\/\/rapsodamindstock.com\/index.php\/terminos-y-condiciones\/","title":{"rendered":"T\u00e9rminos y Condiciones"},"content":{"rendered":"\n<p>A las personas usuarias de este sitio web,<\/p>\n\n\n\n<p>Les damos la bienvenida al sitio web https:\/\/www.transformaci\u00f3onrapsoda.com.mx<\/p>\n\n\n\n<p>Por favor revisa los siguientes <strong>T\u00c9RMINOS Y CONDICIONES<\/strong> que rigen el uso del sitio web https:\/\/www.transformaci\u00f3onrapsoda.com.mx\u00a0<\/p>\n\n\n\n<p>Al hacer uso de este sitio, significa que has le\u00eddo, entendido y aceptas en su totalidad los <strong>T\u00c9RMINOS Y CONDICIONES<\/strong> del mismo.<\/p>\n\n\n\n<p>Nuestros <strong>T\u00c9RMINOS Y CONDICIONES<\/strong> pueden cambiar, por favor rev\u00edsalos peri\u00f3dicamente para cualquier cambio.<\/p>\n\n\n\n<p>En virtud de la aceptaci\u00f3n de los T\u00e9rminos y Condiciones por parte del Usuario, se otorga al Usuario el derecho no exclusivo, revocable y no transferible de usar el sitio, de conformidad con lo estipulado en los presentes <strong>T\u00c9RMINOS Y CONDICIONES<\/strong>.<\/p>\n\n\n\n<p class=\"has-text-align-center\"><strong>Generales<\/strong>.<\/p>\n\n\n\n<p>El contenido y servicios que ofrece nuestro sitio, est\u00e1 dirigido a un p\u00fablico mayor de 18 a\u00f1os. Queda bajo responsabilidad de los padres o tutores, supervisar la conducta de los menores de edad que ingresen al sitio.<\/p>\n\n\n\n<p>Queda estrictamente prohibido cualquier uso indebido del sitio y de los servicios que se ofrecen en el mismo, entendiendo como uso indebido de manera enunciativa, m\u00e1s no limitativa, los siguientes supuestos:<\/p>\n\n\n\n<p>Utilizar el Sitio web para revender productos y cualquier otro uso comercial del Sitio web o sus contenidos.<\/p>\n\n\n\n<p>La utilizaci\u00f3n de mecanismos o herramientas automatizadas o tecnolog\u00eda similar para realizar la extracci\u00f3n, obtenci\u00f3n o recopilaci\u00f3n, directa o indirecta, de cualquier informaci\u00f3n contenida en el sitio.<\/p>\n\n\n\n<p>Cualquier intento de modificaci\u00f3n, adaptaci\u00f3n, traducci\u00f3n, o conversi\u00f3n de los contenidos del mismo, incluyendo el software.<\/p>\n\n\n\n<p>Recopilar y utilizar las descripciones de los productos.<\/p>\n\n\n\n<p>Copiar, imitar, replicar para su uso en servidores espejo, reproducir, distribuir, publicar, descargar, mostrar o transmitir cualquier contenido del sitio web en cualquier forma o por cualquier medio.<\/p>\n\n\n\n<p>Acceder o intentar acceder a datos no destinados a los usuarios.&nbsp;<\/p>\n\n\n\n<p>Iniciar sesi\u00f3n en un servidor o cuenta en la que el usuario no est\u00e9 autorizado.<\/p>\n\n\n\n<p>Intentar interferir con el servicio en cualquier forma incluyendo, el env\u00edo de virus al Sitio, sobrecarga, inundaci\u00f3n, spam, bombardeo de correo, entre otras.<\/p>\n\n\n\n<p>Enviar correo no solicitado, incluyendo promociones y\/o publicidad de productos o servicios.<\/p>\n\n\n\n<p>Falsificar cualquier encabezado de TCP\/IP o cualquier parte de la informaci\u00f3n del encabezado en cualquier correo electr\u00f3nico o grupo de noticias.<\/p>\n\n\n\n<p>Intento o realizaci\u00f3n de cualquier tipo de actividad fraudulenta.<\/p>\n\n\n\n<p>Las violaciones al Sitio o red de seguridad pueden dar lugar a responsabilidad civil o penal.<\/p>\n\n\n\n<p class=\"has-text-align-center\"><strong>T\u00e9rminos Comerciales.<\/strong><\/p>\n\n\n\n<p>Las im\u00e1genes o fotograf\u00edas son con fines ilustrativos, estas im\u00e1genes s\u00f3lo son orientaci\u00f3n.<\/p>\n\n\n\n<p>Toda la informaci\u00f3n de registro y facturaci\u00f3n proporcionada deber\u00e1 ser verdadera y exacta. Proporcionar cualquier informaci\u00f3n falsa o inexacta constituye el incumplimiento de estos T\u00c9RMINOS Y CONDICIONES.<\/p>\n\n\n\n<p>En caso de tener alguna reclamaci\u00f3n o aclaraci\u00f3n respecto del uso de este sitio y de sus T\u00c9RMINOS Y CONDICIONES, ponemos a tu disposici\u00f3n el n\u00famero&nbsp; 3552-4643 y correo electr\u00f3nico atencion.rapsoda@gmail.com.<\/p>\n\n\n\n<p>Las violaciones al sistema o red de seguridad pueden dar lugar a responsabilidad civil o penal. Nos reservamos el derecho de investigar las ocurrencias que puedan involucrar tales violaciones, as\u00ed como cooperar con las autoridades en la persecuci\u00f3n de usuarios que infrinjan tales violaciones.&nbsp;<\/p>\n\n\n\n<p>Haciendo uso de este sitio, te obligas a no utilizar ning\u00fan dispositivo, o software para interferir o intentar interferir con el uso correcto de este sitio o cualquier actividad llevada a cabo en el mismo. Quedas obligado en \u00e9ste sitio a no utilizar o intentar utilizar cualquier m\u00e1quina, software, herramienta, agente u otro dispositivo o mecanismo (incluyendo sin limitaci\u00f3n navegadores, spiders, robots, avatars o agentes inteligentes) para navegar o buscar en este Sitio otro que no sea el motivo de b\u00fasqueda y agentes de b\u00fasqueda disponibles de SITIO WEB en este sitio y otros navegadores de terceros que generalmente est\u00e1n disponibles.<\/p>\n\n\n\n<p class=\"has-text-align-center\"><strong>Medidas de Seguridad.<\/strong><\/p>\n\n\n\n<p>En nuestro sitio le ofrecemos seguridad y confidencialidad a su informaci\u00f3n ya que contamos con un servidor seguro bajo el protocolo SSL (Secure Socket Layer), de tal manera que la informaci\u00f3n enviada se transmite encriptada para asegurar su protecci\u00f3n.&nbsp;<\/p>\n\n\n\n<p>Siempre aseg\u00farese de que aparezca una \u201cS\u201d en la barra de navegaci\u00f3n (\u201chttps\u201d:\/\/)<\/p>\n\n\n\n<p>En su caso, como usuario y\/o titular de la cuenta eres el \u00fanico responsable de mantener de forma confidencial, tu contrase\u00f1a as\u00ed como otros identificadores de cuentas seguras.<\/p>\n\n\n\n<p class=\"has-text-align-center\"><strong>Ofertas<\/strong>.<\/p>\n\n\n\n<p>Las ofertas y promociones que se liberen en el Sitio quedar\u00e1n sujetas a las especificaciones que se se\u00f1alen en el mismo, y en cualquier momento podr\u00e1n sufrir modificaciones y actualizaciones.<\/p>\n\n\n\n<p class=\"has-text-align-center\"><strong>Posesi\u00f3n Intelectual.<\/strong><\/p>\n\n\n\n<p>El acceso a este sitio no otorga y no podr\u00e1 considerarse como una concesi\u00f3n o licencia alguna respecto de los derechos de los cuales somos titulares, propietarios o licenciatarios.&nbsp;<\/p>\n\n\n\n<p>Ninguna licencia de marca registrada o marca de servicio est\u00e1 concedida en relaci\u00f3n con los materiales contenidos en este sitio. El acceso a este sitio no autoriza a nadie a utilizar cualquier nombre, logo o marca en ninguna forma.<\/p>\n\n\n\n<p>El Usuario s\u00f3lo podr\u00e1 imprimir y\/o copiar cualquier informaci\u00f3n contenida o publicada en el Sitio exclusivamente para uso personal, quedando estrictamente prohibido el comercial.<\/p>\n\n\n\n<p class=\"has-text-align-center\"><strong>Rese\u00f1as, sugerencias y comentarios<\/strong>.<\/p>\n\n\n\n<p>Para todas las rese\u00f1as, comentarios, opiniones, retroalimentaciones, postales, sugerencias, ideas y otras comunicaciones publicadas, presentadas a trav\u00e9s de este sitio, v\u00eda correo electr\u00f3nico o tel\u00e9fono, o publicadas de otra manera, le concedes a www.rapsoda.mx el derecho irrevocable e intransferible de utilizarlos sin costo alguno en la manera en que se estime conveniente, incluyendo copiar, modificar, eliminar en su totalidad, adaptar, publicar, traducir, crear trabajos derivados de y\/o vender y\/o distribuir dichos comentarios y\/o incorporar dichos comentarios en cualquier forma, medio o tecnolog\u00eda en todo el mundo.<\/p>\n\n\n\n<p>Por lo que tendremos el&nbsp; derecho a utilizar, reproducir, divulgar, modificar, adaptar, crear trabajos derivados, de, publicar, exhibir y distribuir cualquier comentario que se realice sin ninguna restricci\u00f3n y sin compensaci\u00f3n alguna.&nbsp;<\/p>\n\n\n\n<p>Por lo anterior, nos mantenemos libres de (1) mantener con car\u00e1cter de confidencialidad cualquier comentario; (2) pagarle al usuario alguna compensaci\u00f3n por cualquier comentario; o (3) responder a cualquier comentario realizado por los usuarios. Asimismo, el usuario acepta que cualquier comentario que publique en el sitio no violar\u00e1 los presentes t\u00e9rminos de uso, ni violentar\u00e1 de forma alguna derechos de terceros, incluyendo de manera enunciativa m\u00e1s no limitativa derechos de autor, imagen, marcas registradas, secretos industriales, privacidad u otro(s) derecho(s) personal(es) o patrimonial(es), y que no causa da\u00f1o a ninguna persona o entidad. Adem\u00e1s el usuario acepta que ning\u00fan comentario que realice en el sitio ser\u00e1 o contendr\u00e1 difamaci\u00f3n o acciones ilegales, amenazantes, abusivos de material obsceno, o contendr\u00e1n virus de software, campa\u00f1as pol\u00edticas, solicitudes comerciales, cartas en cadena, correos masivos o cualquier forma de &#8220;correo no deseado&#8221;.<\/p>\n\n\n\n<p>Nos concedes el derecho de utilizar el nombre que presentaste en relaci\u00f3n con cualquier comentario y aceptas no utilizar una direcci\u00f3n de correo electr\u00f3nico falsa, o enga\u00f1ar en forma algunaa en cuanto al origen de cualquier comentario que presente.<\/p>\n\n\n\n<p>El usuario es el \u00fanico responsable por el contenido de cualquier comentario y acepta indemnizar, en su caso, por reclamaciones derivadas de cualquier comentario presentado.<\/p>\n\n\n\n<p>No nos hacemos responsables cualquiera de los comentarios presentados por el usuario o cualquier tercero.<\/p>\n\n\n\n<p>Puede publicar comentarios, opiniones, fotos, videos y otros contenidos; mandar tarjetas virtuales y otras comunicaciones; y enviar sugerencias, ideas, comentarios, preguntas u otra informaci\u00f3n, siempre que el contenido no sea ilegal, obsceno, amenazante, difamatorio o invasivo de la privacidad ni infrinja los derechos de propiedad intelectual o resulte ofensivo, y que no emplee ni contenga virus inform\u00e1ticos, propaganda pol\u00edtica, incitaci\u00f3n comercial, cadenas de mensajes, correos masivos o cualquier forma de correo no deseado o mensajes electr\u00f3nicos comerciales no solicitados.&nbsp;<\/p>\n\n\n\n<p>El usuario se compromete a no usar direcciones de correo electr\u00f3nico falsas, ni suplantar a ninguna persona o entidad o de otra manera inducir al error en cuanto al origen de una tarjeta o de cualquier contenido.&nbsp;<\/p>\n\n\n\n<p>Nos reservamos el derecho de eliminar o editar cualquier comentario.<\/p>\n\n\n\n<p class=\"has-text-align-center\"><strong>Indemnizaci\u00f3n<\/strong><\/p>\n\n\n\n<p>El usuario es el \u00fanico responsable por el contenido de cualquier comentario y acepta indemnizar, en su caso, por reclamaciones derivadas de cualquier comentario presentado. El usuario se obliga a indemnizarnos y a sacar en paz y a salvo de cualquier demanda, responsabilidad, costos y gastos, de cualquier naturaleza, incluyendo honorarios de abogados, en que incurriera como resultado del uso del Sitio Web, su colocaci\u00f3n o transmisi\u00f3n de cualquier mensaje, contenido, informaci\u00f3n, software u otros materiales a trav\u00e9s del Sitio Web, o su incumplimiento o violaci\u00f3n de la ley o de estos T\u00e9rminos y Condiciones.&nbsp;<\/p>\n\n\n\n<p class=\"has-text-align-center\"><strong>&nbsp;Limitaci\u00f3n de responsabilidad<\/strong><\/p>\n\n\n\n<p>Por ninguna circunstancia ni con base en alguna teor\u00eda jur\u00eddica, somos responsables frente a usted o frente a cualquier otra persona por p\u00e9rdidas o da\u00f1os y perjuicios de cualquier especie, que deriven o se relacionen con el uso o incapacidad para usar nuestro sitio web.<\/p>\n\n\n\n<p>No somo responsables por da\u00f1os de cualquier especie incluidos, entre otros, datos u otras p\u00e9rdidas intangibles, que surjan de o est\u00e9n relacionadas con el uso o la imposibilidad de utilizar el servicio.<\/p>\n\n\n\n<p>Aunque nos esforzamos por brindar un servicio de calidad, no garantizamos que las herramientas de la plataforma supriman los riesgos a los que est\u00e1 expuesta la tecnolog\u00eda, por lo que el uso de este sitio web, sus servidores y servicios no garantizamos que est\u00e9n totalmente libres de virus o de cualquier otro elemento perjudicial. Por lo que no seremos responsables por ning\u00fan da\u00f1o o perjuicio, de ning\u00fan tipo, que derive del uso de este sitio web, incluyendo, sin limitaci\u00f3n, da\u00f1os y perjuicios directos, indirectos, incidentales, punitivos y consecuenciales. Ciertas leyes no permiten la limitaci\u00f3n de garant\u00edas impl\u00edcitas o la exclusi\u00f3n o limitaci\u00f3n de ciertos da\u00f1os y perjuicios. En caso de que dichas leyes sean aplicables a usted, algunas o todas las renuncias, exclusiones o limitaciones anteriores podr\u00e1n ser inaplicables a usted y usted podr\u00eda tener derechos adicionales.<\/p>\n\n\n\n<p class=\"has-text-align-center\"><strong>Derecho a cambiar y modificar los T\u00e9rminos<\/strong><\/p>\n\n\n\n<p>Nuestros T\u00e9rminos y Condiciones pueden cambiar, por favor revisalos peri\u00f3dicamente.<\/p>\n\n\n\n<p>La informaci\u00f3n del sitio podr\u00e1 ser modificada en cualquier momento y cuando se considere conveniente, sin necesidad de aviso al usuario, sin que ello d\u00e9 lugar a ninguna reclamaci\u00f3n o indemnizaci\u00f3n, ni que lo mismo implique reconocimiento de responsabilidad alguna a favor del Usuario.<\/p>\n\n\n\n<p class=\"has-text-align-center\"><strong>Emails de promociones y contenido.<\/strong><\/p>\n\n\n\n<p>El uso de correos electr\u00f3nicos con informaci\u00f3n sobre nosotros, nuestros productos y promociones est\u00e1 sujeto a lo establecido en nuestro Aviso de Privacidad.<\/p>\n\n\n\n<p class=\"has-text-align-center\"><strong>Resoluci\u00f3n de disputas<\/strong><\/p>\n\n\n\n<p>Estos T\u00e9rminos y Condiciones estar\u00e1n sujetos y ser\u00e1n interpretados de acuerdo con las leyes y ante los Tribunales de la Ciudad de M\u00e9xico, dentro de los Estado Unidos Mexicanos.<\/p>\n\n\n\n<p class=\"has-text-align-center\"><strong>Atenci\u00f3n al cliente e informaci\u00f3n de contacto<\/strong>.<\/p>\n\n\n\n<p>Ponemos a su disposici\u00f3n los siguientes medios de contacto:<\/p>\n\n\n\n<p>Correo electr\u00f3nico: atencion.rapsoda@gmail.com<\/p>\n\n\n\n<p>Whatsapp: 55 3552-4643<\/p>\n\n\n\n<p>Cuando use cualquier servicio de nuestro sitio o nos env\u00ede mensajes de correo electr\u00f3nico, mensajes de texto y otras comunicaciones desde su dispositivo m\u00f3vil o de escritorio, estar\u00e1 comunic\u00e1ndose de manera electr\u00f3nica con nosotros. Usted da su consentimiento para recibir comunicaciones electr\u00f3nicas de nuestra parte a trav\u00e9s de correos electr\u00f3nicos, mensajes de texto, avisos autom\u00e1ticos de dispositivos m\u00f3viles, avisos y mensajes de este sitio o trav\u00e9s de otros servicios, cuyas copias puede guardar para su registro. Usted acuerda que todos los acuerdos, avisos, divulgaciones y otras comunicaciones que le proporcionemos electr\u00f3nicamente satisfacen cualquier requisito legal que dichas comunicaciones sean por escrito.<\/p>\n\n\n\n<p class=\"has-text-align-center\"><strong>Confidencialidad<\/strong><\/p>\n\n\n\n<p>Todos los datos que nos proporcione ser\u00e1n tratados conforme a nuestro Aviso de Privacidad.<\/p>\n\n\n\n<p class=\"has-text-align-center\"><strong>Cookies.<\/strong><\/p>\n\n\n\n<p>Una \u201cCookie\u201d es un archivo de datos que se almacena en el disco duro de la computadora del Usuario cuando \u00e9ste acceda al Sitio. Dichos archivos pueden contener informaci\u00f3n tal como la identificaci\u00f3n proporcionada por el Usuario o informaci\u00f3n para rastrear las p\u00e1ginas que el Usuario ha visitado. Una Cookie no puede leer los datos o informaci\u00f3n del disco duro del Usuario ni leer las Cookies creadas por otros sitios o p\u00e1ginas.Generalmente, las Cookies son aceptadas autom\u00e1ticamente, el Usuario puede cambiar la configuraci\u00f3n de su navegador en cualquier momento. En caso de que el Usuario decida rechazar las Cookies, es posible que ciertas secciones del Sitio no tengan su funcionamiento \u00f3ptimo o incluso no funcionen en absoluto. El Usuario que tenga acceso al Sitio, conviene en recibir archivos que les transmitan los servidores de la Empresa.<\/p>\n\n\n\n<p class=\"has-text-align-center\"><strong>Acceso.<\/strong><\/p>\n\n\n\n<p>Para hacer uso de este sitio web el usuario declara, bajo protesta de decir verdad, que tiene como m\u00ednimo 18 a\u00f1os de edad o la mayor\u00eda de edad legal en su jurisdicci\u00f3n; asimismo, reconoce que es su responsabilidad cualquier actividad que se desarrolle con dicha cuenta o a trav\u00e9s de ella y que tiene conocimiento y acepta las condiciones establecidas en los presentes T\u00e9rminos y Condiciones y en nuestro Aviso de Privacidad.<\/p>\n\n\n\n<p>Si no cumple con el requisito de edad, deber\u00e1 contar con el permiso de su tutor legal, padre o madre. Aseg\u00farese de que su tutor legal, padre o madre lean estas condiciones con usted.<\/p>\n\n\n\n<p>Si es un padre, madre o tutor legal y le permite a su hijo usar este sitio web, se aplicar\u00e1n estas condiciones a usted, y usted ser\u00e1 responsable de la actividad que realice el menor en los servicios.<\/p>\n\n\n\n<p>Usamos la informaci\u00f3n recopilada para proporcionar, analizar, administrar, mejorar y personalizar nuestros servicios e iniciativas de marketing, para procesar su registro, solicitudes y pagos; y para comunicarnos con usted.<\/p>\n\n\n\n<p>Nuestra web utiliza cookies propias para ofrecerle un mejor servicio. Si contin\u00faa navegando, consideramos que acepta su uso.<\/p>\n","protected":false},"excerpt":{"rendered":"<p>A las personas usuarias de este sitio web, Les damos la bienvenida al sitio web<\/p>\n","protected":false},"author":1,"featured_media":0,"parent":0,"menu_order":0,"comment_status":"closed","ping_status":"closed","template":"","meta":{"_monsterinsights_skip_tracking":false,"_monsterinsights_sitenote_active":false,"_monsterinsights_sitenote_note":"","_monsterinsights_sitenote_category":0,"_joinchat":[],"footnotes":""},"class_list":["post-874","page","type-page","status-publish","hentry"],"aioseo_notices":[],"_links":{"self":[{"href":"https:\/\/rapsodamindstock.com\/index.php\/wp-json\/wp\/v2\/pages\/874","targetHints":{"allow":["GET"]}}],"collection":[{"href":"https:\/\/rapsodamindstock.com\/index.php\/wp-json\/wp\/v2\/pages"}],"about":[{"href":"https:\/\/rapsodamindstock.com\/index.php\/wp-json\/wp\/v2\/types\/page"}],"author":[{"embeddable":true,"href":"https:\/\/rapsodamindstock.com\/index.php\/wp-json\/wp\/v2\/users\/1"}],"replies":[{"embeddable":true,"href":"https:\/\/rapsodamindstock.com\/index.php\/wp-json\/wp\/v2\/comments?post=874"}],"version-history":[{"count":4,"href":"https:\/\/rapsodamindstock.com\/index.php\/wp-json\/wp\/v2\/pages\/874\/revisions"}],"predecessor-version":[{"id":1403,"href":"https:\/\/rapsodamindstock.com\/index.php\/wp-json\/wp\/v2\/pages\/874\/revisions\/1403"}],"wp:attachment":[{"href":"https:\/\/rapsodamindstock.com\/index.php\/wp-json\/wp\/v2\/media?parent=874"}],"curies":[{"name":"wp","href":"https:\/\/api.w.org\/{rel}","templated":true}]}}