{"id":863,"date":"2020-12-11T17:27:44","date_gmt":"2020-12-11T17:27:44","guid":{"rendered":"http:\/\/rapsodamindstock.com\/?page_id=863"},"modified":"2021-01-10T18:37:10","modified_gmt":"2021-01-10T18:37:10","slug":"aviso-de-privacidad","status":"publish","type":"page","link":"https:\/\/rapsodamindstock.com\/index.php\/aviso-de-privacidad\/","title":{"rendered":"Aviso de Privacidad"},"content":{"rendered":"\n<p><strong>RESPONSABLE DEL TRATAMIENTO<\/strong><\/p>\n\n\n\n<p>Los Datos Personales que nos proporciona son tratados por rapsoda.<\/p>\n\n\n\n<p><strong>DATOS QUE SE RECABAN.<\/strong><\/p>\n\n\n\n<p>Para la prestaci\u00f3n de nuestros servicios:<\/p>\n\n\n\n<p>\u00b7 Datos personales de contacto.<\/p>\n\n\n\n<p>No recabamos informaci\u00f3n personal de menores de edad, por lo que al proporcionar sus datos usted reconoce ser mayor de edad y haber le\u00eddo el contenido de este aviso de privacidad.<\/p>\n\n\n\n<p><strong>FINALIDAD PRIMARIA<\/strong><\/p>\n\n\n\n<p>Recaba sus datos personales para las siguientes finalidades que son necesarias para brindarle los servicios que, en su caso, nos solicite:<\/p>\n\n\n\n<ul class=\"wp-block-list\"><li>Identificarlo y registrarlo como cliente&nbsp;<\/li><li>Brindarle atenci\u00f3n personalizada y seguimiento.<\/li><\/ul>\n\n\n\n<p>Conservaremos sus datos personales mientras exista una base de legitimaci\u00f3n que permita, en t\u00e9rminos de las leyes aplicables, dar tratamiento a sus datos personales.<\/p>\n\n\n\n<p><strong>TRANSFERENCIAS DE DATOS<\/strong><\/p>\n\n\n\n<p>En t\u00e9rmino de la legislaci\u00f3n aplicable, podremos llegar a compartir sus Datos Personales, en cumplimiento a las obligaciones contempladas en la legislaci\u00f3n fiscal, y\/o a los requerimientos por parte de autoridades locales y federales.<\/p>\n\n\n\n<p>Estas transferencias de Datos Personales ser\u00e1n realizadas con todas las medidas de seguridad apropiadas, de conformidad con los principios contenidos en la Ley Federal de Protecci\u00f3n de Datos Personales en Posesi\u00f3n de los Particulares, su Reglamento y los Lineamientos del Aviso de Privacidad.<\/p>\n\n\n\n<p><strong>Si usted no se opone<\/strong>, podremos compartir sus datos con nuestros socios comerciales, para que \u00e9stas, con base en los perfiles de consumo, puedan contactarle y ofrecerle bienes y\/o servicios que resulten de su inter\u00e9s, o bien, para que puedan determinar si usted es sujeto a adquirir los bienes y\/o servicios que dichos terceros ofrecen.<\/p>\n\n\n\n<p>En su caso, informaremos a \u00e9ste sobre nuestra pol\u00edtica de privacidad para el tratamiento de sus datos.&nbsp;<\/p>\n\n\n\n<p><strong>Medio y procedimiento para ejercer Derechos ARCO y\/o revocaci\u00f3n de consentimiento para el tratamiento de datos personales<\/strong><\/p>\n\n\n\n<p>De acuerdo con Ley Federal de Protecci\u00f3n de Datos Personales en Posesi\u00f3n de los Particulares, su Reglamento y los Lineamientos del Aviso de Privacidad, usted cuenta con los derechos de Acceso, Rectificaci\u00f3n, Cancelaci\u00f3n y Oposici\u00f3n de los datos personales que le conciernen.<\/p>\n\n\n\n<p>En ese sentido, y de conformidad con la legislaci\u00f3n se\u00f1alada, usted podr\u00e1 enviar una solicitud al correo electr\u00f3nico atenci\u00f3n.rapsoda@gmail.com.<\/p>\n\n\n\n<p>El documento deber\u00e1 contener la siguiente informaci\u00f3n:<\/p>\n\n\n\n<p>Nombre completo del titular y su direcci\u00f3n de correo electr\u00f3nico y\/o domicilio en que desee recibir la respuesta a su solicitud.&nbsp;<\/p>\n\n\n\n<p>Una descripci\u00f3n clara, precisa y espec\u00edfica de los Datos Personales respecto de los que se busca ejercer alguno de los derechos mencionados as\u00ed como el detalle de cualquier elemento o documento que facilite la localizaci\u00f3n de los datos personales.&nbsp;<\/p>\n\n\n\n<p>Copia legible de una identificaci\u00f3n oficial vigente del titular y, trat\u00e1ndose de un tr\u00e1mite llevado a cabo por un representante legal, se deber\u00e1 adjuntar adicionalmente una carta poder<\/p>\n\n\n\n<p>En el caso de un Derecho ARCO de Rectificaci\u00f3n de Datos Personales, se deber\u00e1 adjuntar la documentaci\u00f3n que sustente la solicitud.<\/p>\n\n\n\n<p>Una vez presentada su solicitud, la Oficina de Privacidad podr\u00e1 solicitarle en un periodo no mayor a 5 d\u00edas h\u00e1biles, la informaci\u00f3n y\/o documentaci\u00f3n necesaria para su seguimiento, as\u00ed como para la acreditaci\u00f3n de su identidad, de acuerdo a los t\u00e9rminos que marca la Legislaci\u00f3n. Por lo que usted contar\u00e1 con 10 d\u00edas posteriores a su recepci\u00f3n, para atender este requerimiento. De lo contrario su solicitud se tendr\u00e1 por no presentada.<\/p>\n\n\n\n<p>En un plazo posterior de 20 d\u00edas h\u00e1biles dicha Oficina emitir\u00e1 una resoluci\u00f3n, la cual le ser\u00e1 notificada por los medios de contacto que haya establecido en su solicitud. Una vez emitida la resoluci\u00f3n y en caso de que la misma sea procedente (parcial o totalmente), la Oficina de Privacidad contar\u00e1 con 15 d\u00edas h\u00e1biles para adoptar dicha resoluci\u00f3n.<\/p>\n\n\n\n<p>Los t\u00e9rminos y plazos indicados en los p\u00e1rrafos anteriores, podr\u00e1n ser ampliados una sola vez en caso de ser necesario y se le deber\u00e1 notificar a trav\u00e9s de los medios de contacto que haya establecido.<\/p>\n\n\n\n<p>La revocaci\u00f3n y el ejercicio de los Derechos ARCO ser\u00e1n gratuitos, debiendo usted cubrir \u00fanicamente los gastos justificados de env\u00edo, o el costo de reproducci\u00f3n en copias u otros formatos establecidos en su solicitud.<\/p>\n\n\n\n<p><strong>Limitaci\u00f3n al uso o divulgaci\u00f3n de sus datos personales<\/strong><\/p>\n\n\n\n<p>Usted podr\u00e1 limitar el uso o divulgaci\u00f3n de sus datos personales enviando su solicitud a la direcci\u00f3n a la direcci\u00f3n atenci\u00f3n.rapsoda@gmail.com.<\/p>\n\n\n\n<p><strong>Cambios en el aviso de privacidad<\/strong><\/p>\n\n\n\n<p>El presente aviso de privacidad puede sufrir modificaciones, cambio o actualizaciones derivadas de nuevos requerimientos legales, de nuestras propias necesidades por los productos o servicios que ofrecemos, de nuestras pr\u00e1cticas de privacidad, de cambios en nuestro modelo de negocios o por otras causas.<\/p>\n\n\n\n<p>Sus Datos Personales ser\u00e1n tratados con base en los principios de licitud, consentimiento, informaci\u00f3n, calidad, finalidad, lealtad, proporcionalidad y responsabilidad en t\u00e9rminos de la Legislaci\u00f3n. Se mantendr\u00e1 la confidencialidad de sus datos personales estableciendo y manteniendo de forma efectiva las medidas de seguridad administrativas, t\u00e9cnicas y f\u00edsicas, para evitar su da\u00f1o, p\u00e9rdida, alteraci\u00f3n, destrucci\u00f3n, uso, acceso o divulgaci\u00f3n indebida.<\/p>\n","protected":false},"excerpt":{"rendered":"<p>RESPONSABLE DEL TRATAMIENTO Los Datos Personales que nos proporciona son tratados por rapsoda. DATOS QUE<\/p>\n","protected":false},"author":1,"featured_media":0,"parent":0,"menu_order":0,"comment_status":"closed","ping_status":"closed","template":"","meta":{"_monsterinsights_skip_tracking":false,"_monsterinsights_sitenote_active":false,"_monsterinsights_sitenote_note":"","_monsterinsights_sitenote_category":0,"_joinchat":[],"footnotes":""},"class_list":["post-863","page","type-page","status-publish","hentry"],"aioseo_notices":[],"_links":{"self":[{"href":"https:\/\/rapsodamindstock.com\/index.php\/wp-json\/wp\/v2\/pages\/863","targetHints":{"allow":["GET"]}}],"collection":[{"href":"https:\/\/rapsodamindstock.com\/index.php\/wp-json\/wp\/v2\/pages"}],"about":[{"href":"https:\/\/rapsodamindstock.com\/index.php\/wp-json\/wp\/v2\/types\/page"}],"author":[{"embeddable":true,"href":"https:\/\/rapsodamindstock.com\/index.php\/wp-json\/wp\/v2\/users\/1"}],"replies":[{"embeddable":true,"href":"https:\/\/rapsodamindstock.com\/index.php\/wp-json\/wp\/v2\/comments?post=863"}],"version-history":[{"count":3,"href":"https:\/\/rapsodamindstock.com\/index.php\/wp-json\/wp\/v2\/pages\/863\/revisions"}],"predecessor-version":[{"id":1402,"href":"https:\/\/rapsodamindstock.com\/index.php\/wp-json\/wp\/v2\/pages\/863\/revisions\/1402"}],"wp:attachment":[{"href":"https:\/\/rapsodamindstock.com\/index.php\/wp-json\/wp\/v2\/media?parent=863"}],"curies":[{"name":"wp","href":"https:\/\/api.w.org\/{rel}","templated":true}]}}