{"id":861,"date":"2020-12-11T17:14:25","date_gmt":"2020-12-11T17:14:25","guid":{"rendered":"http:\/\/rapsodamindstock.com\/?page_id=861"},"modified":"2021-10-14T15:35:24","modified_gmt":"2021-10-14T15:35:24","slug":"nosotros","status":"publish","type":"page","link":"https:\/\/rapsodamindstock.com\/index.php\/nosotros\/","title":{"rendered":"Nosotros"},"content":{"rendered":"\n<p class=\"has-text-align-center has-medium-font-size\"><strong>\u00bfQuienes Somos?<\/strong><\/p>\n\n\n\n<p class=\"has-text-align-center\">Rapsoda es una empresa de soluciones en tecnolog\u00edas de la informaci\u00f3n y comunicaciones y en seguridad de la informaci\u00f3n, que ofrece servicios de desarrollo, integraci\u00f3n,&nbsp; administraci\u00f3n, y mantenimiento de herramientas e infraestructura tecnol\u00f3gica, al sector p\u00fablico, privado y social.<\/p>\n\n\n\n<p class=\"has-text-align-center has-medium-font-size\"><strong>Nuestra Misi\u00f3n<\/strong>.<\/p>\n\n\n\n<p class=\"has-text-align-center\">Promover el \u00e9xito de nuestros clientes con soluciones inform\u00e1ticas adecuadas para sus necesidades.<\/p>\n\n\n\n<p class=\"has-text-align-center has-medium-font-size\"><strong>Nuestro Objetivo.<\/strong><\/p>\n\n\n\n<p class=\"has-text-align-center\">Satisfacer las necesidades de nuestros clientes por encima de sus expectativas, brind\u00e1ndoles productos de calidad y con excelencia en el servicio.<\/p>\n\n\n\n<p class=\"has-text-align-center has-medium-font-size\"><strong>Servicios<\/strong>.<\/p>\n\n\n\n<p class=\"has-text-align-center\">Rapsoda cuenta con tres divisiones:<\/p>\n\n\n\n<p class=\"has-text-align-center has-medium-font-size\"><strong>Divisi\u00f3n de Desarrollo de Sistemas<\/strong>.<\/p>\n\n\n\n<p> Analizamos y modelamos los procesos de transformaci\u00f3n de nuestros clientes, para dise\u00f1ar opciones viables, integrales y altamente confiables para la simplificaci\u00f3n e incorporaci\u00f3n de procedimientos y flujos de trabajo en soluciones inform\u00e1ticas.&nbsp;<\/p>\n\n\n\n<p class=\"has-text-align-center has-medium-font-size\"><strong>Divisi\u00f3n de Integraci\u00f3n<\/strong>.<\/p>\n\n\n\n<p> Brindamos soluciones de equipo tecnol\u00f3gico para las necesidades de cada cliente: Integramos medios t\u00e9cnicos avanzados de telecomunicaciones y seguridad en instalaciones; Sistemas de seguridad inform\u00e1tica; Proveemos equipos de c\u00f3mputo, impresi\u00f3n y digitalizaci\u00f3n; Almacenamiento en la nube; as\u00ed como servicios de mantenimiento preventivo y correctivo.<\/p>\n\n\n\n<p class=\"has-text-align-center has-medium-font-size\"><strong>Divisi\u00f3n E-Commerce.<\/strong><\/p>\n\n\n\n<p>Rapsoda cuenta con una iniciativa de apoyo para la recuperaci\u00f3n econ\u00f3mica por el COVID-19 a trav\u00e9s de la Transformaci\u00f3n Digital del Comercio Minorista.&nbsp;<\/p>\n\n\n\n<p>Nos integramos a partir de una preocupaci\u00f3n causada por los efectos derivados de la crisis por el coronavirus que afectan sustancialmente los ingresos de los micro-negocios..<\/p>\n\n\n\n<p>Fortalecemos micros y peque\u00f1as empresas para su incorporaci\u00f3n al Comercio Electr\u00f3nico, mediante Sitios Web y Tienda en L\u00ednea<strong> exclusiva <\/strong>para cada negocio.&nbsp;<\/p>\n\n\n\n<p>El servicio ofrecido integra: Hospedaje con Pasarela de Pago para cobro con Tarjetas Bancarias;&nbsp; Mantenimiento y Actualizaciones de Software; asesor\u00eda y soporte.<\/p>\n\n\n\n<p>Esperamos poder servirte pronto.<\/p>\n\n\n\n<ul class=\"wp-block-list\">\n<li>Correo electr\u00f3nico: contacto@rapsodamindstock.com<\/li>\n\n\n\n<li>Facebook: https:\/\/www.facebook.com\/rapsodamx<\/li>\n<\/ul>\n\n\n\n<p class=\"has-text-align-right\"><a href=\"https:\/\/rapsodamindstock.com\/\">Haz clic aqu\u00ed para regresar a la p\u00e1gina de inicio.<\/a><\/p>\n","protected":false},"excerpt":{"rendered":"<p>\u00bfQuienes Somos? Rapsoda es una empresa de soluciones en tecnolog\u00edas de la informaci\u00f3n y comunicaciones<\/p>\n","protected":false},"author":1,"featured_media":0,"parent":0,"menu_order":0,"comment_status":"closed","ping_status":"closed","template":"","meta":{"_monsterinsights_skip_tracking":false,"_monsterinsights_sitenote_active":false,"_monsterinsights_sitenote_note":"","_monsterinsights_sitenote_category":0,"_joinchat":[],"footnotes":""},"class_list":["post-861","page","type-page","status-publish","hentry"],"aioseo_notices":[],"_links":{"self":[{"href":"https:\/\/rapsodamindstock.com\/index.php\/wp-json\/wp\/v2\/pages\/861","targetHints":{"allow":["GET"]}}],"collection":[{"href":"https:\/\/rapsodamindstock.com\/index.php\/wp-json\/wp\/v2\/pages"}],"about":[{"href":"https:\/\/rapsodamindstock.com\/index.php\/wp-json\/wp\/v2\/types\/page"}],"author":[{"embeddable":true,"href":"https:\/\/rapsodamindstock.com\/index.php\/wp-json\/wp\/v2\/users\/1"}],"replies":[{"embeddable":true,"href":"https:\/\/rapsodamindstock.com\/index.php\/wp-json\/wp\/v2\/comments?post=861"}],"version-history":[{"count":16,"href":"https:\/\/rapsodamindstock.com\/index.php\/wp-json\/wp\/v2\/pages\/861\/revisions"}],"predecessor-version":[{"id":1495,"href":"https:\/\/rapsodamindstock.com\/index.php\/wp-json\/wp\/v2\/pages\/861\/revisions\/1495"}],"wp:attachment":[{"href":"https:\/\/rapsodamindstock.com\/index.php\/wp-json\/wp\/v2\/media?parent=861"}],"curies":[{"name":"wp","href":"https:\/\/api.w.org\/{rel}","templated":true}]}}