{"id":1613,"date":"2021-10-18T17:51:56","date_gmt":"2021-10-18T17:51:56","guid":{"rendered":"http:\/\/rapsodamindstock.com\/?page_id=1613"},"modified":"2021-10-18T17:57:38","modified_gmt":"2021-10-18T17:57:38","slug":"infraestructura-tecnologica","status":"publish","type":"page","link":"https:\/\/rapsodamindstock.com\/index.php\/infraestructura-tecnologica\/","title":{"rendered":"Infraestructura Tecnol\u00f3gica"},"content":{"rendered":"\n<p>Hoy m\u00e1s que nunca,<\/p>\n\n\n\n<ul class=\"wp-block-list\"><li>Determinar los requerimientos tecnol\u00f3gicos que requiere tu empresa;&nbsp;<\/li><li>Identificar claramente las necesidades en materia de infraestructura inform\u00e1tica; y,&nbsp;<\/li><li>Definir la pertinencia de la modernizaci\u00f3n del equipo con que actualmente se cuenta.&nbsp;<\/li><\/ul>\n\n\n\n<p>Son piezas fundamentales para lograr el \u00e9xito de cualquier empresa.&nbsp;<\/p>\n\n\n\n<p>Sin embargo, el proceso de adquisici\u00f3n de estos bienes y servicios no siempre es una tarea sencilla, requiere de experiencia, planificaci\u00f3n, compromiso, pero tambi\u00e9n de transparencia y honestidad.<\/p>\n\n\n\n<p>En Rapsoda somos expertos en procesos de administraci\u00f3n, desarrollo e innovaci\u00f3n de herramientas e infraestructura en materia de Tecnolog\u00edas de Informaci\u00f3n y Comunicaci\u00f3n.<\/p>\n\n\n\n<p>Integramos infraestructura tecnol\u00f3gica y medios t\u00e9cnicos avanzados de telecomunicaciones en instalaciones y Sistemas de Seguridad Inform\u00e1tica. Para el trabajo en oficinas y aulas contamos con los mejores equipos de c\u00f3mputo, videoconferencia, equipos para impresi\u00f3n y digitalizaci\u00f3n, almacenamiento en la nube, y brindamos servicios de mantenimiento preventivo y correctivo.<\/p>\n\n\n\n<p>Nos aseguramos que todo el personal de tu empresa, instituci\u00f3n u organizaci\u00f3n cuenten con las herramientas de apoyo necesarias para el cumplimiento de sus metas y para la interacci\u00f3n externa con tus clientes.<\/p>\n\n\n\n<p>Uno de nuestros prop\u00f3sitos m\u00e1s importantes es consolidar relaciones de confianza y confiabilidad.<\/p>\n","protected":false},"excerpt":{"rendered":"<p>Hoy m\u00e1s que nunca, Determinar los requerimientos tecnol\u00f3gicos que requiere tu empresa;&nbsp; Identificar claramente las<\/p>\n","protected":false},"author":1,"featured_media":0,"parent":0,"menu_order":0,"comment_status":"closed","ping_status":"closed","template":"","meta":{"_monsterinsights_skip_tracking":false,"_monsterinsights_sitenote_active":false,"_monsterinsights_sitenote_note":"","_monsterinsights_sitenote_category":0,"_joinchat":[],"footnotes":""},"class_list":["post-1613","page","type-page","status-publish","hentry"],"aioseo_notices":[],"_links":{"self":[{"href":"https:\/\/rapsodamindstock.com\/index.php\/wp-json\/wp\/v2\/pages\/1613","targetHints":{"allow":["GET"]}}],"collection":[{"href":"https:\/\/rapsodamindstock.com\/index.php\/wp-json\/wp\/v2\/pages"}],"about":[{"href":"https:\/\/rapsodamindstock.com\/index.php\/wp-json\/wp\/v2\/types\/page"}],"author":[{"embeddable":true,"href":"https:\/\/rapsodamindstock.com\/index.php\/wp-json\/wp\/v2\/users\/1"}],"replies":[{"embeddable":true,"href":"https:\/\/rapsodamindstock.com\/index.php\/wp-json\/wp\/v2\/comments?post=1613"}],"version-history":[{"count":3,"href":"https:\/\/rapsodamindstock.com\/index.php\/wp-json\/wp\/v2\/pages\/1613\/revisions"}],"predecessor-version":[{"id":1619,"href":"https:\/\/rapsodamindstock.com\/index.php\/wp-json\/wp\/v2\/pages\/1613\/revisions\/1619"}],"wp:attachment":[{"href":"https:\/\/rapsodamindstock.com\/index.php\/wp-json\/wp\/v2\/media?parent=1613"}],"curies":[{"name":"wp","href":"https:\/\/api.w.org\/{rel}","templated":true}]}}