{"id":1078,"date":"2020-12-15T14:49:25","date_gmt":"2020-12-15T14:49:25","guid":{"rendered":"http:\/\/rapsodamindstock.com\/?page_id=1078"},"modified":"2021-02-10T17:54:39","modified_gmt":"2021-02-10T17:54:39","slug":"panmiwi","status":"publish","type":"page","link":"https:\/\/rapsodamindstock.com\/index.php\/panmiwi\/","title":{"rendered":"Pasteler\u00edas"},"content":{"rendered":"\n<p>A continuaci\u00f3n te presentamos un prototipo de tienda mediante una galer\u00eda de im\u00e1genes, antes nos gustar\u00eda comentarte dos conceptos importantes que es importante considerar.<\/p>\n\n\n\n<p>Los productos se dividen en dos tipos: Simples y Variables.<\/p>\n\n\n\n<p>Un <strong>producto simple<\/strong> se define porque sus caracter\u00edsticas y precio son iguales entre todas las unidades que se comercializan. Por ejemplo:<\/p>\n\n\n\n<ul class=\"wp-block-list\"><li>Un libro: El ejemplar de un libro siempre es igual a otro ejemplar;<\/li><li>Fruta: Un kg. de manzanas es igual a otro kg. de manzanas;<\/li><li>Platillo: Una orden de enchiladas es igual a otra orden de enchiladas. <\/li><\/ul>\n\n\n\n<p>Un <strong>producto variable<\/strong> es aquel cuyas caracter\u00edsticas lo hacen diferente de otras unidades (en ocasiones, las caracter\u00edsticas tambi\u00e9n definen su precio). Por ejemplo:<\/p>\n\n\n\n<ul class=\"wp-block-list\"><li>Ropa: Una prenda tienen caracter\u00edsticas de venta como talla y color;<\/li><li>Reposter\u00eda: Un pastel puede diferenciarse respecto a tama\u00f1o y sabor;<\/li><li>Calzado: Un par de zapatos pueden se diferentes en n\u00famero y color. <\/li><\/ul>\n\n\n\n<p>Esta galer\u00eda presenta un dise\u00f1o elaborado con productos ambos tipos de productos.<\/p>\n\n\n\n<p>Haz clic sobre la imagen para agrandarla.<\/p>\n\n\n<div class=\"rl-gallery-container rl-loading rl-pagination-paged\" id=\"rl-gallery-container-1\" data-gallery_id=\"1051\"> <div class=\"rl-gallery rl-basicmasonry-gallery rl-hover-effect-1 rl-hover-icon-2\" id=\"rl-gallery-1\" data-gallery_no=\"1\"> <div class=\"rl-gutter-sizer\"><\/div><div class=\"rl-grid-sizer\"><\/div> <div class=\"rl-gallery-item rl-gallery-item-width-4\" > <div class=\"rl-gallery-item-content\"> <a href=\"https:\/\/rapsodamindstock.com\/wp-content\/uploads\/2020\/12\/P_1.png\" title=\"\" data-rl_title=\"\" class=\"rl-gallery-link\" data-rl_caption=\"\" data-rel=\"lightbox-gallery-1\"><img fetchpriority=\"high\" decoding=\"async\" src=\"https:\/\/rapsodamindstock.com\/wp-content\/uploads\/2020\/12\/P_1-300x188.png\" width=\"300\" height=\"188\" alt=\"\"\/><\/a> <\/div> <\/div> <div class=\"rl-gallery-item\" > <div class=\"rl-gallery-item-content\"> <a href=\"https:\/\/rapsodamindstock.com\/wp-content\/uploads\/2020\/12\/P_2.png\" title=\"\" data-rl_title=\"\" class=\"rl-gallery-link\" data-rl_caption=\"\" data-rel=\"lightbox-gallery-1\"><img decoding=\"async\" src=\"https:\/\/rapsodamindstock.com\/wp-content\/uploads\/2020\/12\/P_2-300x188.png\" width=\"300\" height=\"188\" alt=\"\"\/><\/a> <\/div> <\/div> <div class=\"rl-gallery-item\" > <div class=\"rl-gallery-item-content\"> <a href=\"https:\/\/rapsodamindstock.com\/wp-content\/uploads\/2020\/12\/P_3.png\" title=\"\" data-rl_title=\"\" class=\"rl-gallery-link\" data-rl_caption=\"\" data-rel=\"lightbox-gallery-1\"><img decoding=\"async\" src=\"https:\/\/rapsodamindstock.com\/wp-content\/uploads\/2020\/12\/P_3-300x188.png\" width=\"300\" height=\"188\" alt=\"\"\/><\/a> <\/div> <\/div> <div class=\"rl-gallery-item\" > <div class=\"rl-gallery-item-content\"> <a href=\"https:\/\/rapsodamindstock.com\/wp-content\/uploads\/2020\/12\/P_4.png\" title=\"\" data-rl_title=\"\" class=\"rl-gallery-link\" data-rl_caption=\"\" data-rel=\"lightbox-gallery-1\"><img loading=\"lazy\" decoding=\"async\" src=\"https:\/\/rapsodamindstock.com\/wp-content\/uploads\/2020\/12\/P_4-300x188.png\" width=\"300\" height=\"188\" alt=\"\"\/><\/a> <\/div> <\/div> <div class=\"rl-gallery-item\" > <div class=\"rl-gallery-item-content\"> <a href=\"https:\/\/rapsodamindstock.com\/wp-content\/uploads\/2020\/12\/P_5.png\" title=\"\" data-rl_title=\"\" class=\"rl-gallery-link\" data-rl_caption=\"\" data-rel=\"lightbox-gallery-1\"><img loading=\"lazy\" decoding=\"async\" src=\"https:\/\/rapsodamindstock.com\/wp-content\/uploads\/2020\/12\/P_5-300x188.png\" width=\"300\" height=\"188\" alt=\"\"\/><\/a> <\/div> <\/div> <div class=\"rl-gallery-item\" > <div class=\"rl-gallery-item-content\"> <a href=\"https:\/\/rapsodamindstock.com\/wp-content\/uploads\/2020\/12\/P_6.png\" title=\"\" data-rl_title=\"\" class=\"rl-gallery-link\" data-rl_caption=\"\" data-rel=\"lightbox-gallery-1\"><img loading=\"lazy\" decoding=\"async\" src=\"https:\/\/rapsodamindstock.com\/wp-content\/uploads\/2020\/12\/P_6-300x188.png\" width=\"300\" height=\"188\" alt=\"\"\/><\/a> <\/div> <\/div> <div class=\"rl-gallery-item\" > <div class=\"rl-gallery-item-content\"> <a href=\"https:\/\/rapsodamindstock.com\/wp-content\/uploads\/2020\/12\/P_8.png\" title=\"\" data-rl_title=\"\" class=\"rl-gallery-link\" data-rl_caption=\"\" data-rel=\"lightbox-gallery-1\"><img loading=\"lazy\" decoding=\"async\" src=\"https:\/\/rapsodamindstock.com\/wp-content\/uploads\/2020\/12\/P_8-300x188.png\" width=\"300\" height=\"188\" alt=\"\"\/><\/a> <\/div> <\/div> <div class=\"rl-gallery-item\" > <div class=\"rl-gallery-item-content\"> <a href=\"https:\/\/rapsodamindstock.com\/wp-content\/uploads\/2020\/12\/P_7.png\" title=\"\" data-rl_title=\"\" class=\"rl-gallery-link\" data-rl_caption=\"\" data-rel=\"lightbox-gallery-1\"><img loading=\"lazy\" decoding=\"async\" src=\"https:\/\/rapsodamindstock.com\/wp-content\/uploads\/2020\/12\/P_7-300x188.png\" width=\"300\" height=\"188\" alt=\"\"\/><\/a> <\/div> <\/div> <div class=\"rl-gallery-item\" > <div class=\"rl-gallery-item-content\"> <a href=\"https:\/\/rapsodamindstock.com\/wp-content\/uploads\/2020\/12\/P_9.png\" title=\"\" data-rl_title=\"\" class=\"rl-gallery-link\" data-rl_caption=\"\" data-rel=\"lightbox-gallery-1\"><img loading=\"lazy\" decoding=\"async\" src=\"https:\/\/rapsodamindstock.com\/wp-content\/uploads\/2020\/12\/P_9-300x188.png\" width=\"300\" height=\"188\" alt=\"\"\/><\/a> <\/div> <\/div> <div class=\"rl-gallery-item\" > <div class=\"rl-gallery-item-content\"> <a href=\"https:\/\/rapsodamindstock.com\/wp-content\/uploads\/2020\/12\/P_11.png\" title=\"\" data-rl_title=\"\" class=\"rl-gallery-link\" data-rl_caption=\"\" data-rel=\"lightbox-gallery-1\"><img loading=\"lazy\" decoding=\"async\" src=\"https:\/\/rapsodamindstock.com\/wp-content\/uploads\/2020\/12\/P_11-300x188.png\" width=\"300\" height=\"188\" alt=\"\"\/><\/a> <\/div> <\/div> <\/div> <div class=\"rl-pagination rl-pagination-bottom\"><\/div> <\/div>\n\n\n\n<p class=\"has-small-font-size\">D\u00e9janos un comentario!<\/p>\n\n\n\n<ul class=\"wp-block-list\">\n<li>Correo electr\u00f3nico: contacto@rapsodamindstock.com<\/li>\n\n\n\n<li>Facebook: https:\/\/www.facebook.com\/rapsodamx<\/li>\n<\/ul>\n","protected":false},"excerpt":{"rendered":"<p>A continuaci\u00f3n te presentamos un prototipo de tienda mediante una galer\u00eda de im\u00e1genes, antes nos<\/p>\n","protected":false},"author":1,"featured_media":0,"parent":0,"menu_order":0,"comment_status":"closed","ping_status":"closed","template":"","meta":{"_monsterinsights_skip_tracking":false,"_monsterinsights_sitenote_active":false,"_monsterinsights_sitenote_note":"","_monsterinsights_sitenote_category":0,"_joinchat":[],"footnotes":""},"class_list":["post-1078","page","type-page","status-publish","hentry"],"aioseo_notices":[],"_links":{"self":[{"href":"https:\/\/rapsodamindstock.com\/index.php\/wp-json\/wp\/v2\/pages\/1078","targetHints":{"allow":["GET"]}}],"collection":[{"href":"https:\/\/rapsodamindstock.com\/index.php\/wp-json\/wp\/v2\/pages"}],"about":[{"href":"https:\/\/rapsodamindstock.com\/index.php\/wp-json\/wp\/v2\/types\/page"}],"author":[{"embeddable":true,"href":"https:\/\/rapsodamindstock.com\/index.php\/wp-json\/wp\/v2\/users\/1"}],"replies":[{"embeddable":true,"href":"https:\/\/rapsodamindstock.com\/index.php\/wp-json\/wp\/v2\/comments?post=1078"}],"version-history":[{"count":5,"href":"https:\/\/rapsodamindstock.com\/index.php\/wp-json\/wp\/v2\/pages\/1078\/revisions"}],"predecessor-version":[{"id":1423,"href":"https:\/\/rapsodamindstock.com\/index.php\/wp-json\/wp\/v2\/pages\/1078\/revisions\/1423"}],"wp:attachment":[{"href":"https:\/\/rapsodamindstock.com\/index.php\/wp-json\/wp\/v2\/media?parent=1078"}],"curies":[{"name":"wp","href":"https:\/\/api.w.org\/{rel}","templated":true}]}}